{"id":436,"date":"2015-02-08T11:45:27","date_gmt":"2015-02-08T09:45:27","guid":{"rendered":"http:\/\/www.buch-und-wein.com\/?page_id=436"},"modified":"2021-08-29T12:37:05","modified_gmt":"2021-08-29T10:37:05","slug":"kinderbuecher","status":"publish","type":"page","link":"https:\/\/www.buch-und-wein.com\/?page_id=436","title":{"rendered":"Kinderb\u00fccher"},"content":{"rendered":"\n<p><\/p>\n\n\n\n<figure class=\"wp-block-image size-large\"><a href=\"https:\/\/www.buch-und-wein.com\/wp-content\/uploads\/2021\/08\/sommerby-001-2.jpg\"><img loading=\"lazy\" decoding=\"async\" width=\"745\" height=\"1024\" src=\"https:\/\/www.buch-und-wein.com\/wp-content\/uploads\/2021\/08\/sommerby-001-2-745x1024.jpg\" alt=\"\" class=\"wp-image-845\" srcset=\"https:\/\/www.buch-und-wein.com\/wp-content\/uploads\/2021\/08\/sommerby-001-2-745x1024.jpg 745w, https:\/\/www.buch-und-wein.com\/wp-content\/uploads\/2021\/08\/sommerby-001-2-218x300.jpg 218w, https:\/\/www.buch-und-wein.com\/wp-content\/uploads\/2021\/08\/sommerby-001-2-768x1056.jpg 768w, https:\/\/www.buch-und-wein.com\/wp-content\/uploads\/2021\/08\/sommerby-001-2-1117x1536.jpg 1117w, https:\/\/www.buch-und-wein.com\/wp-content\/uploads\/2021\/08\/sommerby-001-2-1489x2048.jpg 1489w, https:\/\/www.buch-und-wein.com\/wp-content\/uploads\/2021\/08\/sommerby-001-2.jpg 1700w\" sizes=\"auto, (max-width: 745px) 100vw, 745px\" \/><\/a><\/figure>\n\n\n\n<figure class=\"wp-block-image size-large\"><a href=\"https:\/\/www.buch-und-wein.com\/wp-content\/uploads\/2021\/03\/Billy-Backe-1.jpg\"><img loading=\"lazy\" decoding=\"async\" width=\"745\" height=\"1024\" src=\"https:\/\/www.buch-und-wein.com\/wp-content\/uploads\/2021\/03\/Billy-Backe-1-745x1024.jpg\" alt=\"\" class=\"wp-image-831\" srcset=\"https:\/\/www.buch-und-wein.com\/wp-content\/uploads\/2021\/03\/Billy-Backe-1-745x1024.jpg 745w, https:\/\/www.buch-und-wein.com\/wp-content\/uploads\/2021\/03\/Billy-Backe-1-218x300.jpg 218w, https:\/\/www.buch-und-wein.com\/wp-content\/uploads\/2021\/03\/Billy-Backe-1-768x1056.jpg 768w, https:\/\/www.buch-und-wein.com\/wp-content\/uploads\/2021\/03\/Billy-Backe-1-1117x1536.jpg 1117w, https:\/\/www.buch-und-wein.com\/wp-content\/uploads\/2021\/03\/Billy-Backe-1-1489x2048.jpg 1489w, https:\/\/www.buch-und-wein.com\/wp-content\/uploads\/2021\/03\/Billy-Backe-1.jpg 1700w\" sizes=\"auto, (max-width: 745px) 100vw, 745px\" \/><\/a><\/figure>\n\n\n\n<figure class=\"wp-block-image size-large\"><img loading=\"lazy\" decoding=\"async\" width=\"722\" height=\"1024\" src=\"https:\/\/www.buch-und-wein.com\/wp-content\/uploads\/2020\/03\/Pippi-Langstrumpf-722x1024.jpg\" alt=\"\" class=\"wp-image-785\" srcset=\"https:\/\/www.buch-und-wein.com\/wp-content\/uploads\/2020\/03\/Pippi-Langstrumpf-722x1024.jpg 722w, https:\/\/www.buch-und-wein.com\/wp-content\/uploads\/2020\/03\/Pippi-Langstrumpf-212x300.jpg 212w, https:\/\/www.buch-und-wein.com\/wp-content\/uploads\/2020\/03\/Pippi-Langstrumpf-768x1089.jpg 768w, https:\/\/www.buch-und-wein.com\/wp-content\/uploads\/2020\/03\/Pippi-Langstrumpf-1083x1536.jpg 1083w, https:\/\/www.buch-und-wein.com\/wp-content\/uploads\/2020\/03\/Pippi-Langstrumpf-1444x2048.jpg 1444w, https:\/\/www.buch-und-wein.com\/wp-content\/uploads\/2020\/03\/Pippi-Langstrumpf-scaled.jpg 1805w\" sizes=\"auto, (max-width: 722px) 100vw, 722px\" \/><\/figure>\n\n\n\n<figure class=\"wp-block-image size-large\"><img loading=\"lazy\" decoding=\"async\" width=\"722\" height=\"1024\" src=\"https:\/\/www.buch-und-wein.com\/wp-content\/uploads\/2020\/03\/Giesbert-722x1024.jpg\" alt=\"\" class=\"wp-image-781\" srcset=\"https:\/\/www.buch-und-wein.com\/wp-content\/uploads\/2020\/03\/Giesbert-722x1024.jpg 722w, https:\/\/www.buch-und-wein.com\/wp-content\/uploads\/2020\/03\/Giesbert-212x300.jpg 212w, https:\/\/www.buch-und-wein.com\/wp-content\/uploads\/2020\/03\/Giesbert-768x1089.jpg 768w, https:\/\/www.buch-und-wein.com\/wp-content\/uploads\/2020\/03\/Giesbert-1083x1536.jpg 1083w, https:\/\/www.buch-und-wein.com\/wp-content\/uploads\/2020\/03\/Giesbert-1444x2048.jpg 1444w, https:\/\/www.buch-und-wein.com\/wp-content\/uploads\/2020\/03\/Giesbert-scaled.jpg 1805w\" sizes=\"auto, (max-width: 722px) 100vw, 722px\" \/><\/figure>\n\n\n<p><a href=\"https:\/\/www.buch-und-wein.com\/wp-content\/uploads\/2015\/02\/Monsterchen.jpg\"><img loading=\"lazy\" decoding=\"async\" class=\"alignleft size-thumbnail wp-image-437\" src=\"https:\/\/www.buch-und-wein.com\/wp-content\/uploads\/2015\/02\/Monsterchen-150x150.jpg\" alt=\"Monsterchen\" width=\"150\" height=\"150\" srcset=\"https:\/\/www.buch-und-wein.com\/wp-content\/uploads\/2015\/02\/Monsterchen-150x150.jpg 150w, https:\/\/www.buch-und-wein.com\/wp-content\/uploads\/2015\/02\/Monsterchen-144x144.jpg 144w\" sizes=\"auto, (max-width: 150px) 100vw, 150px\" \/><\/a><\/p>\n<p>&nbsp;<\/p>\n<p>&nbsp;<\/p>\n<h3><span style=\"color: #008000;\">Unsere Kinderbuchempfehlungen:<\/span><\/h3>\n<p>&nbsp;<\/p>\n<p><a href=\"https:\/\/www.buch-und-wein.com\/wp-content\/uploads\/2015\/02\/ich-gro\u00df-du-klein.jpg\"><img loading=\"lazy\" decoding=\"async\" class=\"alignleft size-medium wp-image-438\" src=\"https:\/\/www.buch-und-wein.com\/wp-content\/uploads\/2015\/02\/ich-gro\u00df-du-klein-298x300.jpg\" alt=\"ich gro\u00df du klein\" width=\"298\" height=\"300\" srcset=\"https:\/\/www.buch-und-wein.com\/wp-content\/uploads\/2015\/02\/ich-gro\u00df-du-klein-298x300.jpg 298w, https:\/\/www.buch-und-wein.com\/wp-content\/uploads\/2015\/02\/ich-gro\u00df-du-klein-150x150.jpg 150w, https:\/\/www.buch-und-wein.com\/wp-content\/uploads\/2015\/02\/ich-gro\u00df-du-klein-1018x1024.jpg 1018w, https:\/\/www.buch-und-wein.com\/wp-content\/uploads\/2015\/02\/ich-gro\u00df-du-klein-144x144.jpg 144w, https:\/\/www.buch-und-wein.com\/wp-content\/uploads\/2015\/02\/ich-gro\u00df-du-klein-900x904.jpg 900w, https:\/\/www.buch-und-wein.com\/wp-content\/uploads\/2015\/02\/ich-gro\u00df-du-klein.jpg 1553w\" sizes=\"auto, (max-width: 298px) 100vw, 298px\" \/><\/a><\/p>\n<p>Lilli L\u00b4Arronge:<\/p>\n<p><span style=\"color: #008000;\">Ich gro\u00df \u2013 du klein<\/span><\/p>\n<p>Jacoby &amp; Stuart<\/p>\n<p>14,95\u20ac<\/p>\n<p>Das gro\u00dfe und das kleine Wiesel sind gerne zusammen \u2013 das merkt man auf jeder Seite dieses goldigen Bilderbuches. Hier wird gemeinsam gebl\u00f6delt, gespielt und gelebt. Auch wenn sie nicht immer der gleichen Meinung sind, so merkt man den beiden doch den gro\u00dfen Spa\u00df am gemeinsamen Leben an.<\/p>\n<p>Ein Buch an dem Eltern und Kinder gleicherma\u00dfen Vergn\u00fcgen haben und das Lust macht, die eigenen Gemeinsamkeiten und Gegens\u00e4tze in so einfache S\u00e4tze zu bringen.<\/p>\n<p>Wenn ich es mir recht \u00fcberlege, k\u00f6nnte dieses Bilderbuch auch ein nettes Valentinsgeschenk f\u00fcr die Liebste sein:<\/p>\n<p>Ich gro\u00df \u2013 du klein, du mein \u2013 ich dein, &#8211; so soll es sein!<\/p>\n<p><a href=\"https:\/\/www.buch-und-wein.com\/wp-content\/uploads\/2015\/02\/ich-gro\u00df-innen.jpg\"><img loading=\"lazy\" decoding=\"async\" class=\"aligncenter wp-image-439\" src=\"https:\/\/www.buch-und-wein.com\/wp-content\/uploads\/2015\/02\/ich-gro\u00df-innen-150x150.jpg\" alt=\"ich gro\u00df innen\" width=\"230\" height=\"230\" srcset=\"https:\/\/www.buch-und-wein.com\/wp-content\/uploads\/2015\/02\/ich-gro\u00df-innen-150x150.jpg 150w, https:\/\/www.buch-und-wein.com\/wp-content\/uploads\/2015\/02\/ich-gro\u00df-innen-144x144.jpg 144w\" sizes=\"auto, (max-width: 230px) 100vw, 230px\" \/><\/a><\/p>\n<p>Altersgruppe: ab 3 Jahre<\/p>\n<p>&nbsp;<\/p>\n<p><a href=\"https:\/\/www.buch-und-wein.com\/wp-content\/uploads\/2015\/02\/klara-schreibt-mit.jpg\"><img loading=\"lazy\" decoding=\"async\" class=\"alignleft size-medium wp-image-443\" src=\"https:\/\/www.buch-und-wein.com\/wp-content\/uploads\/2015\/02\/klara-schreibt-mit-300x255.jpg\" alt=\"klara schreibt mit\" width=\"300\" height=\"255\" srcset=\"https:\/\/www.buch-und-wein.com\/wp-content\/uploads\/2015\/02\/klara-schreibt-mit-300x255.jpg 300w, https:\/\/www.buch-und-wein.com\/wp-content\/uploads\/2015\/02\/klara-schreibt-mit-1024x871.jpg 1024w, https:\/\/www.buch-und-wein.com\/wp-content\/uploads\/2015\/02\/klara-schreibt-mit-900x765.jpg 900w, https:\/\/www.buch-und-wein.com\/wp-content\/uploads\/2015\/02\/klara-schreibt-mit.jpg 1911w\" sizes=\"auto, (max-width: 300px) 100vw, 300px\" \/><\/a>Andrea Schomburg, Kai Pannen<\/p>\n<p><span style=\"color: #008000;\">Klara schreibt mit blauer T(i)ante<\/span><\/p>\n<p>Tulipan Verlag<\/p>\n<p>14,95\u20ac<\/p>\n<p>&nbsp;<\/p>\n<p>Was f\u00fcr ein witziges Bilderbuch \u00fcber die gro\u00dfe Macht der Vokale. Sie glauben das nicht? Nehmen sie den harmlosen Satz: \u201eIm Walde hoppeln Osterhasen.\u201c und ersetzen im Wort \u201eOsterhasen\u201c das a durch ein o. Na, ist das nicht ein herrliches Bild?<\/p>\n<p><a href=\"https:\/\/www.buch-und-wein.com\/wp-content\/uploads\/2015\/02\/Klara-innen.jpg\"><img loading=\"lazy\" decoding=\"async\" class=\"aligncenter size-medium wp-image-444\" src=\"https:\/\/www.buch-und-wein.com\/wp-content\/uploads\/2015\/02\/Klara-innen-300x245.jpg\" alt=\"Klara innen\" width=\"300\" height=\"245\" srcset=\"https:\/\/www.buch-und-wein.com\/wp-content\/uploads\/2015\/02\/Klara-innen-300x245.jpg 300w, https:\/\/www.buch-und-wein.com\/wp-content\/uploads\/2015\/02\/Klara-innen-1024x838.jpg 1024w, https:\/\/www.buch-und-wein.com\/wp-content\/uploads\/2015\/02\/Klara-innen-900x736.jpg 900w, https:\/\/www.buch-und-wein.com\/wp-content\/uploads\/2015\/02\/Klara-innen.jpg 1928w\" sizes=\"auto, (max-width: 300px) 100vw, 300px\" \/><\/a><\/p>\n<p>Wir begleiten Klara durch das Land der rasenden Vokale und erleben die aberwitzigsten Verwandlungen. Kai Pannen hat die S\u00e4tze von Andrea Schomburg in frischfreche Bilder umgesetzt. Dieses Bilderbuch macht Lust darauf, mit der Sprache zu jonglieren und eigene Bilder zu kreieren.<\/p>\n<p>Meine Lieblingsseite dieses Buches ist die, auf der die Autorin beim Wort Papa die a`s durch o\u00b4s ersetzt und\u2026 aber schauen Sie selbst einmal in dieses au\u00dfergew\u00f6hnliche Bilderbuch hinein.<\/p>\n<p>Altersgruppe: Ich habe es den 4j\u00e4hrigen Kindern im Kindergarten vorgestellt und die fanden es schon sehr lustig, aber auch die etwas \u00e4lteren d\u00fcrften ihren Spa\u00df daran haben.<\/p>\n<p>&nbsp;<\/p>\n<p><a href=\"https:\/\/www.buch-und-wein.com\/wp-content\/uploads\/2015\/02\/wir-sind-nachher-wieder-da.jpg\"><img loading=\"lazy\" decoding=\"async\" class=\"alignleft size-medium wp-image-446\" src=\"https:\/\/www.buch-und-wein.com\/wp-content\/uploads\/2015\/02\/wir-sind-nachher-wieder-da-216x300.jpg\" alt=\"wir sind nachher wieder da\" width=\"216\" height=\"300\" srcset=\"https:\/\/www.buch-und-wein.com\/wp-content\/uploads\/2015\/02\/wir-sind-nachher-wieder-da-216x300.jpg 216w, https:\/\/www.buch-und-wein.com\/wp-content\/uploads\/2015\/02\/wir-sind-nachher-wieder-da-739x1024.jpg 739w, https:\/\/www.buch-und-wein.com\/wp-content\/uploads\/2015\/02\/wir-sind-nachher-wieder-da-900x1247.jpg 900w, https:\/\/www.buch-und-wein.com\/wp-content\/uploads\/2015\/02\/wir-sind-nachher-wieder-da.jpg 1364w\" sizes=\"auto, (max-width: 216px) 100vw, 216px\" \/><\/a>Oliver Scherz:<\/p>\n<p><span style=\"color: #008000;\">Wir sind nachher wieder da, wir m\u00fcssen kurz nach Afrika<\/span><\/p>\n<p>Thienemann Verlag<\/p>\n<p>12,99\u20ac<\/p>\n<p>&nbsp;<\/p>\n<p>Marie und ihr gro\u00dfer Bruder Joscha sind alleine zu Hause. Drau\u00dfen ist es dunkel und st\u00fcrmisch. Das ist f\u00fcr sich gesehen schon mal spannend genug. Aber was, wenn es auf einmal klopft und drau\u00dfen ein gro\u00dfer Elefant steht und um Hilfe bittet? Abuu ist aus dem Zoo ausgebrochen, um zu seiner Familie in Afrika zu kommen. Aber au\u00dfer einer gro\u00dfen Sehnsucht im Herzen, hat er noch keine rechte Ahnung, wie er dorthin gelangen soll. Zum Gl\u00fcck kennt sich Joscha mit dem Globus aus \u2013 so weit scheint es ja nicht zu sein. Also packen die beiden Geschwister ein paar Vorr\u00e4te ein und begleiten den Elefanten auf seiner gro\u00dfen Reise. Und was sie nicht alles erleben: Sie erklimmen hohe Gebirge, \u00fcberqueren ein weites Meer, trotzen der W\u00fcste und dem Dschungel und finden immer wieder erstaunliche neue Freunde.<\/p>\n<p>Oliver Scherz erz\u00e4hlt die Geschichte in einer ungeheuer bildgewaltigen Sprache, so dass die entz\u00fcckenden Illustrationen von Barbara Scholz nicht unbedingt n\u00f6tig, aber sehr h\u00fcbsch anzusehen sind.<\/p>\n<p>Was f\u00fcr ein herrliches Buch! Ein gro\u00dfes Vergn\u00fcgen f\u00fcr Vorleser und Zuh\u00f6rer gleicherma\u00dfen!<\/p>\n<p>Altersgruppe: ab 5 Jahre<\/p>\n<p>&nbsp;<\/p>\n<p>&nbsp;<\/p>\n<p>&nbsp;<\/p>\n<p>&nbsp;<\/p>","protected":false},"excerpt":{"rendered":"<p>&nbsp; &nbsp; Unsere Kinderbuchempfehlungen: &nbsp; Lilli L\u00b4Arronge: Ich gro\u00df \u2013 du klein Jacoby &amp; Stuart 14,95\u20ac Das gro\u00dfe und das kleine Wiesel sind gerne zusammen \u2013 das merkt man auf jeder Seite dieses goldigen Bilderbuches. Hier wird gemeinsam gebl\u00f6delt, gespielt und gelebt. Auch wenn sie nicht immer der gleichen Meinung sind, so merkt man den [&hellip;]<\/p>\n","protected":false},"author":1,"featured_media":0,"parent":0,"menu_order":0,"comment_status":"open","ping_status":"open","template":"","meta":{"footnotes":""},"class_list":["post-436","page","type-page","status-publish","czr-hentry"],"_links":{"self":[{"href":"https:\/\/www.buch-und-wein.com\/index.php?rest_route=\/wp\/v2\/pages\/436","targetHints":{"allow":["GET"]}}],"collection":[{"href":"https:\/\/www.buch-und-wein.com\/index.php?rest_route=\/wp\/v2\/pages"}],"about":[{"href":"https:\/\/www.buch-und-wein.com\/index.php?rest_route=\/wp\/v2\/types\/page"}],"author":[{"embeddable":true,"href":"https:\/\/www.buch-und-wein.com\/index.php?rest_route=\/wp\/v2\/users\/1"}],"replies":[{"embeddable":true,"href":"https:\/\/www.buch-und-wein.com\/index.php?rest_route=%2Fwp%2Fv2%2Fcomments&post=436"}],"version-history":[{"count":11,"href":"https:\/\/www.buch-und-wein.com\/index.php?rest_route=\/wp\/v2\/pages\/436\/revisions"}],"predecessor-version":[{"id":846,"href":"https:\/\/www.buch-und-wein.com\/index.php?rest_route=\/wp\/v2\/pages\/436\/revisions\/846"}],"wp:attachment":[{"href":"https:\/\/www.buch-und-wein.com\/index.php?rest_route=%2Fwp%2Fv2%2Fmedia&parent=436"}],"curies":[{"name":"wp","href":"https:\/\/api.w.org\/{rel}","templated":true}]}}