{"id":609,"date":"2017-03-29T16:37:46","date_gmt":"2017-03-29T14:37:46","guid":{"rendered":"http:\/\/www.buch-und-wein.com\/?page_id=609"},"modified":"2019-05-19T11:39:08","modified_gmt":"2019-05-19T09:39:08","slug":"rueckblicke","status":"publish","type":"page","link":"https:\/\/www.buch-und-wein.com\/?page_id=609","title":{"rendered":"R\u00fcckblicke"},"content":{"rendered":"<h2>Das Sherlock Holmes Team<\/h2>\n<p><a href=\"https:\/\/www.buch-und-wein.com\/?attachment_id=750\" rel=\"attachment wp-att-750\"><img loading=\"lazy\" decoding=\"async\" class=\"aligncenter size-large wp-image-750\" src=\"https:\/\/www.buch-und-wein.com\/wp-content\/uploads\/2017\/03\/DSC00777-1024x682.jpg\" alt=\"\" width=\"1024\" height=\"682\" srcset=\"https:\/\/www.buch-und-wein.com\/wp-content\/uploads\/2017\/03\/DSC00777-1024x682.jpg 1024w, https:\/\/www.buch-und-wein.com\/wp-content\/uploads\/2017\/03\/DSC00777-300x200.jpg 300w, https:\/\/www.buch-und-wein.com\/wp-content\/uploads\/2017\/03\/DSC00777-768x511.jpg 768w\" sizes=\"auto, (max-width: 1024px) 100vw, 1024px\" \/><\/a><\/p>\n<h2>Der Lesewolf<\/h2>\n<p><a href=\"https:\/\/www.buch-und-wein.com\/?attachment_id=736\" rel=\"attachment wp-att-736\"><img loading=\"lazy\" decoding=\"async\" class=\"aligncenter size-full wp-image-736\" src=\"https:\/\/www.buch-und-wein.com\/wp-content\/uploads\/2017\/03\/8.jpg\" alt=\"\" width=\"253\" height=\"531\" srcset=\"https:\/\/www.buch-und-wein.com\/wp-content\/uploads\/2017\/03\/8.jpg 253w, https:\/\/www.buch-und-wein.com\/wp-content\/uploads\/2017\/03\/8-143x300.jpg 143w\" sizes=\"auto, (max-width: 253px) 100vw, 253px\" \/><\/a><\/p>\n<p><a href=\"https:\/\/www.buch-und-wein.com\/?attachment_id=737\" rel=\"attachment wp-att-737\"><img loading=\"lazy\" decoding=\"async\" class=\"aligncenter size-large wp-image-737\" src=\"https:\/\/www.buch-und-wein.com\/wp-content\/uploads\/2017\/03\/1-1024x490.jpg\" alt=\"\" width=\"1024\" height=\"490\" srcset=\"https:\/\/www.buch-und-wein.com\/wp-content\/uploads\/2017\/03\/1-1024x490.jpg 1024w, https:\/\/www.buch-und-wein.com\/wp-content\/uploads\/2017\/03\/1-300x143.jpg 300w, https:\/\/www.buch-und-wein.com\/wp-content\/uploads\/2017\/03\/1-768x367.jpg 768w, https:\/\/www.buch-und-wein.com\/wp-content\/uploads\/2017\/03\/1.jpg 1280w\" sizes=\"auto, (max-width: 1024px) 100vw, 1024px\" \/><\/a><\/p>\n<p><a href=\"https:\/\/www.buch-und-wein.com\/?attachment_id=738\" rel=\"attachment wp-att-738\"><img loading=\"lazy\" decoding=\"async\" class=\"aligncenter size-large wp-image-738\" src=\"https:\/\/www.buch-und-wein.com\/wp-content\/uploads\/2017\/03\/5-1024x489.jpg\" alt=\"\" width=\"1024\" height=\"489\" srcset=\"https:\/\/www.buch-und-wein.com\/wp-content\/uploads\/2017\/03\/5-1024x489.jpg 1024w, https:\/\/www.buch-und-wein.com\/wp-content\/uploads\/2017\/03\/5-300x143.jpg 300w, https:\/\/www.buch-und-wein.com\/wp-content\/uploads\/2017\/03\/5-768x367.jpg 768w, https:\/\/www.buch-und-wein.com\/wp-content\/uploads\/2017\/03\/5.jpg 1233w\" sizes=\"auto, (max-width: 1024px) 100vw, 1024px\" \/><\/a><\/p>\n<p><a href=\"https:\/\/www.buch-und-wein.com\/?attachment_id=739\" rel=\"attachment wp-att-739\"><img loading=\"lazy\" decoding=\"async\" class=\"aligncenter size-large wp-image-739\" src=\"https:\/\/www.buch-und-wein.com\/wp-content\/uploads\/2017\/03\/19-1024x490.jpg\" alt=\"\" width=\"1024\" height=\"490\" srcset=\"https:\/\/www.buch-und-wein.com\/wp-content\/uploads\/2017\/03\/19-1024x490.jpg 1024w, https:\/\/www.buch-und-wein.com\/wp-content\/uploads\/2017\/03\/19-300x143.jpg 300w, https:\/\/www.buch-und-wein.com\/wp-content\/uploads\/2017\/03\/19-768x367.jpg 768w, https:\/\/www.buch-und-wein.com\/wp-content\/uploads\/2017\/03\/19.jpg 1280w\" sizes=\"auto, (max-width: 1024px) 100vw, 1024px\" \/><\/a><\/p>\n<h2 style=\"text-align: center;\">Schottland<\/h2>\n<p style=\"text-align: center;\"><a href=\"https:\/\/www.buch-und-wein.com\/?attachment_id=713\" rel=\"attachment wp-att-713\"><img loading=\"lazy\" decoding=\"async\" class=\"aligncenter wp-image-713 size-medium\" src=\"https:\/\/www.buch-und-wein.com\/wp-content\/uploads\/2017\/03\/DSC00420-e1539875115467-200x300.jpg\" alt=\"\" width=\"200\" height=\"300\" srcset=\"https:\/\/www.buch-und-wein.com\/wp-content\/uploads\/2017\/03\/DSC00420-e1539875115467-200x300.jpg 200w, https:\/\/www.buch-und-wein.com\/wp-content\/uploads\/2017\/03\/DSC00420-e1539875115467-768x1154.jpg 768w, https:\/\/www.buch-und-wein.com\/wp-content\/uploads\/2017\/03\/DSC00420-e1539875115467-682x1024.jpg 682w\" sizes=\"auto, (max-width: 200px) 100vw, 200px\" \/><\/a>Unser Schottland Experte Hans Herrman Koch<\/p>\n<p><a href=\"https:\/\/www.buch-und-wein.com\/?attachment_id=721\" rel=\"attachment wp-att-721\"><img loading=\"lazy\" decoding=\"async\" class=\"aligncenter size-large wp-image-721\" src=\"https:\/\/www.buch-und-wein.com\/wp-content\/uploads\/2017\/03\/DSC00433-1-1024x682.jpg\" alt=\"\" width=\"1024\" height=\"682\" srcset=\"https:\/\/www.buch-und-wein.com\/wp-content\/uploads\/2017\/03\/DSC00433-1-1024x682.jpg 1024w, https:\/\/www.buch-und-wein.com\/wp-content\/uploads\/2017\/03\/DSC00433-1-300x200.jpg 300w, https:\/\/www.buch-und-wein.com\/wp-content\/uploads\/2017\/03\/DSC00433-1-768x511.jpg 768w\" sizes=\"auto, (max-width: 1024px) 100vw, 1024px\" \/><\/a><\/p>\n<p><a href=\"https:\/\/www.buch-und-wein.com\/?attachment_id=715\" rel=\"attachment wp-att-715\"><img loading=\"lazy\" decoding=\"async\" class=\"aligncenter size-large wp-image-715\" src=\"https:\/\/www.buch-und-wein.com\/wp-content\/uploads\/2017\/03\/DSC00444-1024x682.jpg\" alt=\"\" width=\"1024\" height=\"682\" srcset=\"https:\/\/www.buch-und-wein.com\/wp-content\/uploads\/2017\/03\/DSC00444-1024x682.jpg 1024w, https:\/\/www.buch-und-wein.com\/wp-content\/uploads\/2017\/03\/DSC00444-300x200.jpg 300w, https:\/\/www.buch-und-wein.com\/wp-content\/uploads\/2017\/03\/DSC00444-768x511.jpg 768w\" sizes=\"auto, (max-width: 1024px) 100vw, 1024px\" \/><\/a><\/p>\n<p><a href=\"https:\/\/www.buch-und-wein.com\/?attachment_id=716\" rel=\"attachment wp-att-716\"><img loading=\"lazy\" decoding=\"async\" class=\"aligncenter size-large wp-image-716\" src=\"https:\/\/www.buch-und-wein.com\/wp-content\/uploads\/2017\/03\/DSC00451-1024x682.jpg\" alt=\"\" width=\"1024\" height=\"682\" srcset=\"https:\/\/www.buch-und-wein.com\/wp-content\/uploads\/2017\/03\/DSC00451-1024x682.jpg 1024w, https:\/\/www.buch-und-wein.com\/wp-content\/uploads\/2017\/03\/DSC00451-300x200.jpg 300w, https:\/\/www.buch-und-wein.com\/wp-content\/uploads\/2017\/03\/DSC00451-768x511.jpg 768w\" sizes=\"auto, (max-width: 1024px) 100vw, 1024px\" \/><\/a><\/p>\n<p><a href=\"https:\/\/www.buch-und-wein.com\/?attachment_id=717\" rel=\"attachment wp-att-717\"><img loading=\"lazy\" decoding=\"async\" class=\"aligncenter size-large wp-image-717\" src=\"https:\/\/www.buch-und-wein.com\/wp-content\/uploads\/2017\/03\/DSC00453-1024x682.jpg\" alt=\"\" width=\"1024\" height=\"682\" srcset=\"https:\/\/www.buch-und-wein.com\/wp-content\/uploads\/2017\/03\/DSC00453-1024x682.jpg 1024w, https:\/\/www.buch-und-wein.com\/wp-content\/uploads\/2017\/03\/DSC00453-300x200.jpg 300w, https:\/\/www.buch-und-wein.com\/wp-content\/uploads\/2017\/03\/DSC00453-768x511.jpg 768w\" sizes=\"auto, (max-width: 1024px) 100vw, 1024px\" \/><\/a><\/p>\n<p><a href=\"https:\/\/www.buch-und-wein.com\/?attachment_id=719\" rel=\"attachment wp-att-719\"><img loading=\"lazy\" decoding=\"async\" class=\"aligncenter size-large wp-image-719\" src=\"https:\/\/www.buch-und-wein.com\/wp-content\/uploads\/2017\/03\/DSC00424-1024x682.jpg\" alt=\"\" width=\"1024\" height=\"682\" srcset=\"https:\/\/www.buch-und-wein.com\/wp-content\/uploads\/2017\/03\/DSC00424-1024x682.jpg 1024w, https:\/\/www.buch-und-wein.com\/wp-content\/uploads\/2017\/03\/DSC00424-300x200.jpg 300w, https:\/\/www.buch-und-wein.com\/wp-content\/uploads\/2017\/03\/DSC00424-768x511.jpg 768w\" sizes=\"auto, (max-width: 1024px) 100vw, 1024px\" \/><\/a><\/p>\n<p>&nbsp;<\/p>\n<p>Sehr romantisch: Lieder im Hof<\/p>\n<p><a href=\"https:\/\/www.buch-und-wein.com\/?attachment_id=705\" rel=\"attachment wp-att-705\"><img loading=\"lazy\" decoding=\"async\" class=\"aligncenter size-large wp-image-705\" src=\"https:\/\/www.buch-und-wein.com\/wp-content\/uploads\/2017\/03\/DSC00175-1024x682.jpg\" alt=\"\" width=\"1024\" height=\"682\" srcset=\"https:\/\/www.buch-und-wein.com\/wp-content\/uploads\/2017\/03\/DSC00175-1024x682.jpg 1024w, https:\/\/www.buch-und-wein.com\/wp-content\/uploads\/2017\/03\/DSC00175-300x200.jpg 300w, https:\/\/www.buch-und-wein.com\/wp-content\/uploads\/2017\/03\/DSC00175-768x511.jpg 768w\" sizes=\"auto, (max-width: 1024px) 100vw, 1024px\" \/><\/a><\/p>\n<p><a href=\"https:\/\/www.buch-und-wein.com\/?attachment_id=706\" rel=\"attachment wp-att-706\"><img loading=\"lazy\" decoding=\"async\" class=\"aligncenter size-large wp-image-706\" src=\"https:\/\/www.buch-und-wein.com\/wp-content\/uploads\/2017\/03\/DSC00176-1024x682.jpg\" alt=\"\" width=\"1024\" height=\"682\" srcset=\"https:\/\/www.buch-und-wein.com\/wp-content\/uploads\/2017\/03\/DSC00176-1024x682.jpg 1024w, https:\/\/www.buch-und-wein.com\/wp-content\/uploads\/2017\/03\/DSC00176-300x200.jpg 300w, https:\/\/www.buch-und-wein.com\/wp-content\/uploads\/2017\/03\/DSC00176-768x511.jpg 768w\" sizes=\"auto, (max-width: 1024px) 100vw, 1024px\" \/><\/a><\/p>\n<p><a href=\"https:\/\/www.buch-und-wein.com\/?attachment_id=707\" rel=\"attachment wp-att-707\"><img loading=\"lazy\" decoding=\"async\" class=\"aligncenter size-large wp-image-707\" src=\"https:\/\/www.buch-und-wein.com\/wp-content\/uploads\/2017\/03\/DSC00194-1024x682.jpg\" alt=\"\" width=\"1024\" height=\"682\" srcset=\"https:\/\/www.buch-und-wein.com\/wp-content\/uploads\/2017\/03\/DSC00194-1024x682.jpg 1024w, https:\/\/www.buch-und-wein.com\/wp-content\/uploads\/2017\/03\/DSC00194-300x200.jpg 300w, https:\/\/www.buch-und-wein.com\/wp-content\/uploads\/2017\/03\/DSC00194-768x511.jpg 768w\" sizes=\"auto, (max-width: 1024px) 100vw, 1024px\" \/><\/a><\/p>\n<p>&nbsp;<\/p>\n<p>Ein sehr kurzweiliger Abend: Lesung von Frau Hofmann<\/p>\n<p><a href=\"https:\/\/www.buch-und-wein.com\/?attachment_id=700\" rel=\"attachment wp-att-700\"><img loading=\"lazy\" decoding=\"async\" class=\"aligncenter wp-image-700\" src=\"https:\/\/www.buch-und-wein.com\/wp-content\/uploads\/2017\/03\/DSC00053-e1528618742682-682x1024.jpg\" alt=\"\" width=\"371\" height=\"557\" srcset=\"https:\/\/www.buch-und-wein.com\/wp-content\/uploads\/2017\/03\/DSC00053-e1528618742682-682x1024.jpg 682w, https:\/\/www.buch-und-wein.com\/wp-content\/uploads\/2017\/03\/DSC00053-e1528618742682-200x300.jpg 200w, https:\/\/www.buch-und-wein.com\/wp-content\/uploads\/2017\/03\/DSC00053-e1528618742682-768x1154.jpg 768w\" sizes=\"auto, (max-width: 371px) 100vw, 371px\" \/><\/a><\/p>\n<p><a href=\"https:\/\/www.buch-und-wein.com\/?attachment_id=701\" rel=\"attachment wp-att-701\"><img loading=\"lazy\" decoding=\"async\" class=\"aligncenter size-large wp-image-701\" src=\"https:\/\/www.buch-und-wein.com\/wp-content\/uploads\/2017\/03\/DSC00057-1024x682.jpg\" alt=\"\" width=\"1024\" height=\"682\" srcset=\"https:\/\/www.buch-und-wein.com\/wp-content\/uploads\/2017\/03\/DSC00057-1024x682.jpg 1024w, https:\/\/www.buch-und-wein.com\/wp-content\/uploads\/2017\/03\/DSC00057-300x200.jpg 300w, https:\/\/www.buch-und-wein.com\/wp-content\/uploads\/2017\/03\/DSC00057-768x511.jpg 768w\" sizes=\"auto, (max-width: 1024px) 100vw, 1024px\" \/><\/a><\/p>\n<p>&nbsp;<\/p>\n<p><a href=\"https:\/\/www.buch-und-wein.com\/?attachment_id=694\" rel=\"attachment wp-att-694\">Puppenspiel: Der kleine Siebenschl\u00e4fer,der nicht einschlafen konnte<img loading=\"lazy\" decoding=\"async\" class=\"aligncenter size-large wp-image-694\" src=\"https:\/\/www.buch-und-wein.com\/wp-content\/uploads\/2017\/03\/DSC09930-1024x682.jpg\" alt=\"\" width=\"1024\" height=\"682\" srcset=\"https:\/\/www.buch-und-wein.com\/wp-content\/uploads\/2017\/03\/DSC09930-1024x682.jpg 1024w, https:\/\/www.buch-und-wein.com\/wp-content\/uploads\/2017\/03\/DSC09930-300x200.jpg 300w, https:\/\/www.buch-und-wein.com\/wp-content\/uploads\/2017\/03\/DSC09930-768x511.jpg 768w\" sizes=\"auto, (max-width: 1024px) 100vw, 1024px\" \/><\/a><\/p>\n<p><a href=\"https:\/\/www.buch-und-wein.com\/?attachment_id=693\" rel=\"attachment wp-att-693\"><img loading=\"lazy\" decoding=\"async\" class=\"aligncenter size-large wp-image-693\" src=\"https:\/\/www.buch-und-wein.com\/wp-content\/uploads\/2017\/03\/DSC09910-1024x682.jpg\" alt=\"\" width=\"1024\" height=\"682\" srcset=\"https:\/\/www.buch-und-wein.com\/wp-content\/uploads\/2017\/03\/DSC09910-1024x682.jpg 1024w, https:\/\/www.buch-und-wein.com\/wp-content\/uploads\/2017\/03\/DSC09910-300x200.jpg 300w, https:\/\/www.buch-und-wein.com\/wp-content\/uploads\/2017\/03\/DSC09910-768x511.jpg 768w\" sizes=\"auto, (max-width: 1024px) 100vw, 1024px\" \/><\/a><\/p>\n<p><a href=\"https:\/\/www.buch-und-wein.com\/?attachment_id=695\" rel=\"attachment wp-att-695\"><img loading=\"lazy\" decoding=\"async\" class=\"aligncenter size-large wp-image-695\" src=\"https:\/\/www.buch-und-wein.com\/wp-content\/uploads\/2017\/03\/DSC09948-1024x682.jpg\" alt=\"\" width=\"1024\" height=\"682\" srcset=\"https:\/\/www.buch-und-wein.com\/wp-content\/uploads\/2017\/03\/DSC09948-1024x682.jpg 1024w, https:\/\/www.buch-und-wein.com\/wp-content\/uploads\/2017\/03\/DSC09948-300x200.jpg 300w, https:\/\/www.buch-und-wein.com\/wp-content\/uploads\/2017\/03\/DSC09948-768x511.jpg 768w\" sizes=\"auto, (max-width: 1024px) 100vw, 1024px\" \/><\/a><\/p>\n<p>4 Monate als \u00c4rztin in S\u00fcdafrika mit Ariane Bialojan<\/p>\n<p><a href=\"https:\/\/www.buch-und-wein.com\/?attachment_id=679\" rel=\"attachment wp-att-679\"><img loading=\"lazy\" decoding=\"async\" class=\"aligncenter wp-image-679 size-medium\" src=\"https:\/\/www.buch-und-wein.com\/wp-content\/uploads\/2017\/03\/DSC09830-e1519579751261-200x300.jpg\" alt=\"\" width=\"200\" height=\"300\" srcset=\"https:\/\/www.buch-und-wein.com\/wp-content\/uploads\/2017\/03\/DSC09830-e1519579751261-200x300.jpg 200w, https:\/\/www.buch-und-wein.com\/wp-content\/uploads\/2017\/03\/DSC09830-e1519579751261-768x1154.jpg 768w, https:\/\/www.buch-und-wein.com\/wp-content\/uploads\/2017\/03\/DSC09830-e1519579751261-682x1024.jpg 682w\" sizes=\"auto, (max-width: 200px) 100vw, 200px\" \/><\/a><a href=\"https:\/\/www.buch-und-wein.com\/?attachment_id=680\" rel=\"attachment wp-att-680\"><img loading=\"lazy\" decoding=\"async\" class=\"aligncenter size-medium wp-image-680\" src=\"https:\/\/www.buch-und-wein.com\/wp-content\/uploads\/2017\/03\/DSC09845-300x200.jpg\" alt=\"\" width=\"300\" height=\"200\" srcset=\"https:\/\/www.buch-und-wein.com\/wp-content\/uploads\/2017\/03\/DSC09845-300x200.jpg 300w, https:\/\/www.buch-und-wein.com\/wp-content\/uploads\/2017\/03\/DSC09845-768x511.jpg 768w, https:\/\/www.buch-und-wein.com\/wp-content\/uploads\/2017\/03\/DSC09845-1024x682.jpg 1024w\" sizes=\"auto, (max-width: 300px) 100vw, 300px\" \/><\/a><a href=\"https:\/\/www.buch-und-wein.com\/?attachment_id=681\" rel=\"attachment wp-att-681\"><img loading=\"lazy\" decoding=\"async\" class=\"aligncenter size-medium wp-image-681\" src=\"https:\/\/www.buch-und-wein.com\/wp-content\/uploads\/2017\/03\/DSC09847-300x200.jpg\" alt=\"\" width=\"300\" height=\"200\" srcset=\"https:\/\/www.buch-und-wein.com\/wp-content\/uploads\/2017\/03\/DSC09847-300x200.jpg 300w, https:\/\/www.buch-und-wein.com\/wp-content\/uploads\/2017\/03\/DSC09847-768x511.jpg 768w, https:\/\/www.buch-und-wein.com\/wp-content\/uploads\/2017\/03\/DSC09847-1024x682.jpg 1024w\" sizes=\"auto, (max-width: 300px) 100vw, 300px\" \/><\/a><\/p>\n<p>Gro\u00dfes Interesse f\u00fcr &#8222;Vatikanistan&#8220;<\/p>\n<p><a href=\"https:\/\/www.buch-und-wein.com\/?attachment_id=649\" rel=\"attachment wp-att-649\"><img loading=\"lazy\" decoding=\"async\" class=\"aligncenter wp-image-649 size-medium\" src=\"https:\/\/www.buch-und-wein.com\/wp-content\/uploads\/2017\/03\/DSC09806-300x200.jpg\" alt=\"\" width=\"300\" height=\"200\" srcset=\"https:\/\/www.buch-und-wein.com\/wp-content\/uploads\/2017\/03\/DSC09806-300x200.jpg 300w, https:\/\/www.buch-und-wein.com\/wp-content\/uploads\/2017\/03\/DSC09806-768x511.jpg 768w, https:\/\/www.buch-und-wein.com\/wp-content\/uploads\/2017\/03\/DSC09806-1024x682.jpg 1024w\" sizes=\"auto, (max-width: 300px) 100vw, 300px\" \/><\/a><\/p>\n<p><a href=\"https:\/\/www.buch-und-wein.com\/?attachment_id=650\" rel=\"attachment wp-att-650\"><img loading=\"lazy\" decoding=\"async\" class=\"aligncenter wp-image-650 size-medium\" src=\"https:\/\/www.buch-und-wein.com\/wp-content\/uploads\/2017\/03\/DSC09809-300x200.jpg\" alt=\"\" width=\"300\" height=\"200\" srcset=\"https:\/\/www.buch-und-wein.com\/wp-content\/uploads\/2017\/03\/DSC09809-300x200.jpg 300w, https:\/\/www.buch-und-wein.com\/wp-content\/uploads\/2017\/03\/DSC09809-768x511.jpg 768w, https:\/\/www.buch-und-wein.com\/wp-content\/uploads\/2017\/03\/DSC09809-1024x682.jpg 1024w\" sizes=\"auto, (max-width: 300px) 100vw, 300px\" \/><\/a><a href=\"https:\/\/www.buch-und-wein.com\/?attachment_id=651\" rel=\"attachment wp-att-651\"><img loading=\"lazy\" decoding=\"async\" class=\"aligncenter wp-image-651 size-medium\" src=\"https:\/\/www.buch-und-wein.com\/wp-content\/uploads\/2017\/03\/DSC09811-200x300.jpg\" alt=\"\" width=\"200\" height=\"300\" \/><\/a><\/p>\n<p>&nbsp;<\/p>\n<p>&nbsp;<\/p>\n<p>Ein sehr ber\u00fchrender Abend:<\/p>\n<p>Hypermobil &#8211; mehr als nur beweglich<\/p>\n<p>mit Elke Hullemann-Kilb<\/p>\n<p><a href=\"https:\/\/www.buch-und-wein.com\/?attachment_id=642\" rel=\"attachment wp-att-642\"><img loading=\"lazy\" decoding=\"async\" class=\"aligncenter wp-image-642 size-large\" src=\"https:\/\/www.buch-und-wein.com\/wp-content\/uploads\/2017\/03\/DSC09633-1024x682.jpg\" alt=\"\" width=\"1024\" height=\"682\" srcset=\"https:\/\/www.buch-und-wein.com\/wp-content\/uploads\/2017\/03\/DSC09633-1024x682.jpg 1024w, https:\/\/www.buch-und-wein.com\/wp-content\/uploads\/2017\/03\/DSC09633-300x200.jpg 300w, https:\/\/www.buch-und-wein.com\/wp-content\/uploads\/2017\/03\/DSC09633-768x511.jpg 768w\" sizes=\"auto, (max-width: 1024px) 100vw, 1024px\" \/><\/a><a href=\"https:\/\/www.buch-und-wein.com\/?attachment_id=643\" rel=\"attachment wp-att-643\"><img loading=\"lazy\" decoding=\"async\" class=\"aligncenter size-full wp-image-643\" src=\"https:\/\/www.buch-und-wein.com\/wp-content\/uploads\/2017\/03\/DSC09635.jpg\" alt=\"\" width=\"5456\" height=\"3632\" srcset=\"https:\/\/www.buch-und-wein.com\/wp-content\/uploads\/2017\/03\/DSC09635.jpg 5456w, https:\/\/www.buch-und-wein.com\/wp-content\/uploads\/2017\/03\/DSC09635-300x200.jpg 300w, https:\/\/www.buch-und-wein.com\/wp-content\/uploads\/2017\/03\/DSC09635-768x511.jpg 768w, https:\/\/www.buch-und-wein.com\/wp-content\/uploads\/2017\/03\/DSC09635-1024x682.jpg 1024w\" sizes=\"auto, (max-width: 5456px) 100vw, 5456px\" \/><\/a><a href=\"https:\/\/www.buch-und-wein.com\/?attachment_id=644\" rel=\"attachment wp-att-644\"><img loading=\"lazy\" decoding=\"async\" class=\"aligncenter size-full wp-image-644\" src=\"https:\/\/www.buch-und-wein.com\/wp-content\/uploads\/2017\/03\/DSC09636.jpg\" alt=\"\" width=\"5456\" height=\"3632\" srcset=\"https:\/\/www.buch-und-wein.com\/wp-content\/uploads\/2017\/03\/DSC09636.jpg 5456w, https:\/\/www.buch-und-wein.com\/wp-content\/uploads\/2017\/03\/DSC09636-300x200.jpg 300w, https:\/\/www.buch-und-wein.com\/wp-content\/uploads\/2017\/03\/DSC09636-768x511.jpg 768w, https:\/\/www.buch-und-wein.com\/wp-content\/uploads\/2017\/03\/DSC09636-1024x682.jpg 1024w\" sizes=\"auto, (max-width: 5456px) 100vw, 5456px\" \/><\/a><\/p>\n<p>&nbsp;<\/p>\n<p>Lauschiger Woodstock Abend<\/p>\n<p><a href=\"https:\/\/www.buch-und-wein.com\/?attachment_id=625\" rel=\"attachment wp-att-625\"><img loading=\"lazy\" decoding=\"async\" class=\"aligncenter size-full wp-image-625\" src=\"https:\/\/www.buch-und-wein.com\/wp-content\/uploads\/2017\/03\/DSC09305.jpg\" alt=\"\" width=\"5456\" height=\"3632\" srcset=\"https:\/\/www.buch-und-wein.com\/wp-content\/uploads\/2017\/03\/DSC09305.jpg 5456w, https:\/\/www.buch-und-wein.com\/wp-content\/uploads\/2017\/03\/DSC09305-300x200.jpg 300w, https:\/\/www.buch-und-wein.com\/wp-content\/uploads\/2017\/03\/DSC09305-768x511.jpg 768w, https:\/\/www.buch-und-wein.com\/wp-content\/uploads\/2017\/03\/DSC09305-1024x682.jpg 1024w\" sizes=\"auto, (max-width: 5456px) 100vw, 5456px\" \/><\/a><\/p>\n<p><a href=\"https:\/\/www.buch-und-wein.com\/?attachment_id=624\" rel=\"attachment wp-att-624\"><img loading=\"lazy\" decoding=\"async\" class=\"aligncenter size-full wp-image-624\" src=\"https:\/\/www.buch-und-wein.com\/wp-content\/uploads\/2017\/03\/DSC09303.jpg\" alt=\"\" width=\"5456\" height=\"3632\" srcset=\"https:\/\/www.buch-und-wein.com\/wp-content\/uploads\/2017\/03\/DSC09303.jpg 5456w, https:\/\/www.buch-und-wein.com\/wp-content\/uploads\/2017\/03\/DSC09303-300x200.jpg 300w, https:\/\/www.buch-und-wein.com\/wp-content\/uploads\/2017\/03\/DSC09303-768x511.jpg 768w, https:\/\/www.buch-und-wein.com\/wp-content\/uploads\/2017\/03\/DSC09303-1024x682.jpg 1024w\" sizes=\"auto, (max-width: 5456px) 100vw, 5456px\" \/><\/a><\/p>\n<p>Die Nachwuchs Feuerwehrleute bei ihrer Lesenacht zu Besuch bei Buch &amp; Wein<\/p>\n<p><a href=\"https:\/\/www.buch-und-wein.com\/?attachment_id=623\" rel=\"attachment wp-att-623\"><img loading=\"lazy\" decoding=\"async\" class=\"aligncenter size-full wp-image-623\" src=\"https:\/\/www.buch-und-wein.com\/wp-content\/uploads\/2017\/03\/DSC09209.jpg\" alt=\"\" width=\"5456\" height=\"3632\" srcset=\"https:\/\/www.buch-und-wein.com\/wp-content\/uploads\/2017\/03\/DSC09209.jpg 5456w, https:\/\/www.buch-und-wein.com\/wp-content\/uploads\/2017\/03\/DSC09209-300x200.jpg 300w, https:\/\/www.buch-und-wein.com\/wp-content\/uploads\/2017\/03\/DSC09209-768x511.jpg 768w, https:\/\/www.buch-und-wein.com\/wp-content\/uploads\/2017\/03\/DSC09209-1024x682.jpg 1024w\" sizes=\"auto, (max-width: 5456px) 100vw, 5456px\" \/><\/a><\/p>\n<p><a href=\"https:\/\/www.buch-und-wein.com\/?attachment_id=622\" rel=\"attachment wp-att-622\"><img loading=\"lazy\" decoding=\"async\" class=\"aligncenter size-full wp-image-622\" src=\"https:\/\/www.buch-und-wein.com\/wp-content\/uploads\/2017\/03\/DSC09206.jpg\" alt=\"\" width=\"5456\" height=\"3632\" srcset=\"https:\/\/www.buch-und-wein.com\/wp-content\/uploads\/2017\/03\/DSC09206.jpg 5456w, https:\/\/www.buch-und-wein.com\/wp-content\/uploads\/2017\/03\/DSC09206-300x200.jpg 300w, https:\/\/www.buch-und-wein.com\/wp-content\/uploads\/2017\/03\/DSC09206-768x511.jpg 768w, https:\/\/www.buch-und-wein.com\/wp-content\/uploads\/2017\/03\/DSC09206-1024x682.jpg 1024w\" sizes=\"auto, (max-width: 5456px) 100vw, 5456px\" \/><\/a><\/p>\n<p><a href=\"https:\/\/www.buch-und-wein.com\/?attachment_id=546\" rel=\"attachment wp-att-546\"><img loading=\"lazy\" decoding=\"async\" class=\"aligncenter size-full wp-image-546\" src=\"https:\/\/www.buch-und-wein.com\/wp-content\/uploads\/2011\/06\/DSC09136.jpg\" alt=\"\" width=\"4451\" height=\"3449\" srcset=\"https:\/\/www.buch-und-wein.com\/wp-content\/uploads\/2011\/06\/DSC09136.jpg 4451w, https:\/\/www.buch-und-wein.com\/wp-content\/uploads\/2011\/06\/DSC09136-300x232.jpg 300w, https:\/\/www.buch-und-wein.com\/wp-content\/uploads\/2011\/06\/DSC09136-768x595.jpg 768w, https:\/\/www.buch-und-wein.com\/wp-content\/uploads\/2011\/06\/DSC09136-1024x793.jpg 1024w\" sizes=\"auto, (max-width: 4451px) 100vw, 4451px\" \/><\/a>Schee wars: Hessenabend<\/p>\n<p><a href=\"https:\/\/www.buch-und-wein.com\/?attachment_id=545\" rel=\"attachment wp-att-545\"><img loading=\"lazy\" decoding=\"async\" class=\"aligncenter size-full wp-image-545\" src=\"https:\/\/www.buch-und-wein.com\/wp-content\/uploads\/2011\/06\/DSC09120.jpg\" alt=\"\" width=\"4831\" height=\"3550\" srcset=\"https:\/\/www.buch-und-wein.com\/wp-content\/uploads\/2011\/06\/DSC09120.jpg 4831w, https:\/\/www.buch-und-wein.com\/wp-content\/uploads\/2011\/06\/DSC09120-300x220.jpg 300w, https:\/\/www.buch-und-wein.com\/wp-content\/uploads\/2011\/06\/DSC09120-768x564.jpg 768w, https:\/\/www.buch-und-wein.com\/wp-content\/uploads\/2011\/06\/DSC09120-1024x752.jpg 1024w\" sizes=\"auto, (max-width: 4831px) 100vw, 4831px\" \/><\/a><\/p>\n<p><a href=\"https:\/\/www.buch-und-wein.com\/?attachment_id=544\" rel=\"attachment wp-att-544\"><img loading=\"lazy\" decoding=\"async\" class=\"aligncenter size-full wp-image-544\" src=\"https:\/\/www.buch-und-wein.com\/wp-content\/uploads\/2011\/06\/DSC09119.jpg\" alt=\"\" width=\"5455\" height=\"2383\" srcset=\"https:\/\/www.buch-und-wein.com\/wp-content\/uploads\/2011\/06\/DSC09119.jpg 5455w, https:\/\/www.buch-und-wein.com\/wp-content\/uploads\/2011\/06\/DSC09119-300x131.jpg 300w, https:\/\/www.buch-und-wein.com\/wp-content\/uploads\/2011\/06\/DSC09119-768x335.jpg 768w, https:\/\/www.buch-und-wein.com\/wp-content\/uploads\/2011\/06\/DSC09119-1024x447.jpg 1024w\" sizes=\"auto, (max-width: 5455px) 100vw, 5455px\" \/><\/a><\/p>\n","protected":false},"excerpt":{"rendered":"<p>Das Sherlock Holmes Team Der Lesewolf Schottland Unser Schottland Experte Hans Herrman Koch &nbsp; Sehr romantisch: Lieder im Hof &nbsp; Ein sehr kurzweiliger Abend: Lesung von Frau Hofmann &nbsp; Puppenspiel: Der kleine Siebenschl\u00e4fer,der nicht einschlafen konnte 4 Monate als \u00c4rztin in S\u00fcdafrika mit Ariane Bialojan Gro\u00dfes Interesse f\u00fcr &#8222;Vatikanistan&#8220; &nbsp; &nbsp; Ein sehr ber\u00fchrender Abend: [&hellip;]<\/p>\n","protected":false},"author":1,"featured_media":0,"parent":0,"menu_order":0,"comment_status":"closed","ping_status":"closed","template":"","meta":{"footnotes":""},"class_list":["post-609","page","type-page","status-publish","czr-hentry"],"_links":{"self":[{"href":"https:\/\/www.buch-und-wein.com\/index.php?rest_route=\/wp\/v2\/pages\/609","targetHints":{"allow":["GET"]}}],"collection":[{"href":"https:\/\/www.buch-und-wein.com\/index.php?rest_route=\/wp\/v2\/pages"}],"about":[{"href":"https:\/\/www.buch-und-wein.com\/index.php?rest_route=\/wp\/v2\/types\/page"}],"author":[{"embeddable":true,"href":"https:\/\/www.buch-und-wein.com\/index.php?rest_route=\/wp\/v2\/users\/1"}],"replies":[{"embeddable":true,"href":"https:\/\/www.buch-und-wein.com\/index.php?rest_route=%2Fwp%2Fv2%2Fcomments&post=609"}],"version-history":[{"count":18,"href":"https:\/\/www.buch-und-wein.com\/index.php?rest_route=\/wp\/v2\/pages\/609\/revisions"}],"predecessor-version":[{"id":906,"href":"https:\/\/www.buch-und-wein.com\/index.php?rest_route=\/wp\/v2\/pages\/609\/revisions\/906"}],"wp:attachment":[{"href":"https:\/\/www.buch-und-wein.com\/index.php?rest_route=%2Fwp%2Fv2%2Fmedia&parent=609"}],"curies":[{"name":"wp","href":"https:\/\/api.w.org\/{rel}","templated":true}]}}